
{"id":409,"date":"2011-10-05T20:01:30","date_gmt":"2011-10-05T20:01:30","guid":{"rendered":"http:\/\/www.practicalsolution.eu\/?page_id=409"},"modified":"2013-08-12T12:03:26","modified_gmt":"2013-08-12T12:03:26","slug":"gezondheid","status":"publish","type":"page","link":"https:\/\/practicalsolution.eu\/?page_id=409","title":{"rendered":"gezondheid en reizen"},"content":{"rendered":"<p>Tijdens mijn reis deze zomer naar Turkije ( Zwarte Zee regio) heb ik nieuwe krachten gevonden. Dit kwam door het klimaat, de gezonde lucht en een stressloze omgeving.<\/p>\n<p>Bekijkt u\u00a0<a href=\"https:\/\/practicalsolution.eu\/wp-content\/uploads\/2011\/10\/handwerk-110-dpi.pdf\">cultuurfoto&#8217;s<\/a> en <a href=\"https:\/\/practicalsolution.eu\/wp-content\/uploads\/2011\/10\/vissersbootjes-110-dpi.pdf\">foto&#8217;s<\/a> genomen vlak bij het strand waar u kunt verblijven<a href=\"https:\/\/practicalsolution.eu\/wp-content\/uploads\/2011\/10\/foto\u00b4s-strand-PDF-half-aantal.pdf\">\u00a0<\/a>\u00a0en stelt u zich voor dat u hier 30 meter van het strand in een tent slaapt en de hele tijd alleen de branding en krekels hoort. U slaapt fantastisch. Een korte video impressie van de strandlocatie ziet u <a href=\"https:\/\/practicalsolution.eu\/wp-content\/uploads\/2011\/10\/overzicht-locatie-strand1.flv\">hier<\/a>. In de nacht hoort u alleen krekels en de <a href=\"https:\/\/practicalsolution.eu\/wp-content\/uploads\/2011\/10\/geluiden-in-de-tent.flv\">branding<\/a>. De krekels waren een beetje stil toen ik opnames maakte.\u00a0In de avond wordt er ook <a href=\"https:\/\/practicalsolution.eu\/wp-content\/uploads\/2011\/10\/avondzwemmen1.flv\">gezwommen<\/a>. De watertemperatuur is in de zomer top. Niet te warm of te koud. Op 20 minuten rijden (dolmuce kost 1 euro) bevindt zich een leuke stad waar zelfs mannen zich vermaken in de leuke winkeltraatjes. In de buurt van deze standlocatie kunt u ook in een pension o luxe hotel met zwembad verblijven. U kunt op zee gaan vissen of op forel in stromende rivieren. Verder kunt u in de buurt raften, bergklimmen en veel cultuur opsnuiven zoals het Sumela Monestry. Dit is een klooster van 2000 jaar oud. Als u echt bij wilt komen kunt u contact met mij opnemen.<\/p>\n<p>Een goede Haman massage (op het strand) heeft mij van mijn schouderproblemen af geholpen. 10 jaar geleden ben ik met snowboarden 4 meter naar beneden gevallen en op mijn schouder geland. Mijn nek heeft toen ook een klap gekregen. 4 jaar geleden ben ik door een mountainbiker vol geschept en 3 jaar terug heb ik met wintersporten mijn arm verdraaid. Hierdoor zat mijn bovenrug de laatste jaren vast en had ik er vaak last van. Door een goede massage voel ik mij weer als herboren. Ik heb er geen last meer van.<\/p>\n<p>Heeft u een energie tekort, dan is de Zwarte Zee regio ideaal voor u. Ik heb in ieder geval ongelofelijk veel energie gekregen van het fijne klimaat, leuke stadjes met leuke winkelstraten (ja zelfs ik vind het leuk daar\u00a0rond te lopen)\u00a0en de vriendelijke mensen.<\/p>\n<p>Heeft u last van uw stoelgang? Ik heb de ideale thee voor u gevonden.<\/p>\n<p>Een ander aanrader als vakantieland is Macedonie. Een vriendelijk gastvrij en spotgoedkoop vakantieland waar je ook heerlijk kunt eten. Meer leest u <a title=\"hier\" href=\"https:\/\/practicalsolution.eu\/?page_id=1042\">hier<\/a>.<\/p>\n<p>Ik heb ook een \u00b4medicijn\u00b4 ontdekt dat eigenlijk geen medicijn is.\u00a0 Dit medicijn geeft u veel extra energie en verhoogt uw weerstand. U bent af van griep, verkoudheid, een koortslip of zwemmerseczeem. Na het sporten herstelt u ook sneller. U heeft veel minder last van spierpijn. Bovendien werkt dit middel (feitelijk neemt u water en zuurstof tot zich) tegen huidziektes zoals acne, artrose, reuma, artritis, allergie\u00ebn, astma, hoofdpijn (migraine) en\u00a0mutiple sclerose. Dit middel onderdrukt ook de effecten van alzheimer, parkinson en virale infecties.\u00a0U hoeft niet verbaasd te zijn want ons lichaam bestaat hoofdzakelijk uit water.\u00a0Zuurstof hebben we natuurlijk ook nodig. U krijgt extra zuurstof in uw bloed waardoor de slechte bacteri\u00ebn kapot gaan. De goede bacteri\u00ebn zijn overigens zuurstofminnend. Slechte bacteri\u00ebn houden niet van zuurstof. Meer over dit middel kunt u lezen na het accepteren van onderstaande voorwaarden.\u00a0<strong>Ik heb overigens geen medische achtergrond.<\/strong><\/p>\n<p>Voorwaarden: <strong>u bent geen apotheker of arts uit het reguliere cirquit. U kunt Practical Solution\u00a0niet aansprakelijk stellen voor welke gevolgschade als gevolg van uw gebruik van dit middel. De gebruiker vrijwaart de beheerder van de website volledig voor alle mogelijke claims van derden welke op enigerlei wijze zouden voortvloeien uit het gebruik van deze website. Door onderstaande link aan te vinken gaat u akkoord met bovenstaande aanvullende voorwaarden en kunt u meer lezen over dit ongelofelijk krachtige middel.<\/strong><\/p>\n<form accept-charset=\"UNKNOWN\" action=\"https:\/\/practicalsolution.eu\/?page_id=584\" method=\"post\"><input onclick=\"if (this.checked){this.form.tr.disabled=0}else{this.form.tr.disabled=1}\" type=\"checkbox\" value=\"on\" \/> Accepteren deze voorwaarden<input type=\"submit\" disabled=\"disabled\" name=\"tr\" value=\"Meer lezen over werking \u00b4medicijn\u00b4\" \/>\u00a0<\/form>\n<p><a class=\"twitter-follow-button\" href=\"https:\/\/twitter.com\/InfoPractical\">@InfoPractical volgen<\/a><\/p>\n<p><a class=\"twitter-share-button\" href=\"https:\/\/practicalsolution.eu\/wp-admin\/%3Ca%20href=\">Tweet<\/a><\/p>\n<p><script type=\"text\/javascript\" src=\"\/\/platform.twitter.com\/widgets.js\"><\/script>U kunt een donatie doen door een bedrag te storten op ASN Bank rekening 7085.16.688 ten name van Erik van Vliet.<\/p>\n<p>Uw aanvullingen op de website worden gewaardeerd en verwerkt. Onder home kunt u een donatie doen op de bankrekening van PracticalSolution. Uw Email privacy wordt gerespecteerd. U ontvangt maximaal 2 keer per jaar een nieuwsbrief. De beheerder van de website kan niet aansprakelijk gesteld worden voor eventuele gevolgschade.<\/p>\n<p>Google:<br \/>\nenergie tekort geen energie te weinig enrgie haman massage geven haman massage haman massage handwerk kopen mooie zilveren sieraden sfeervollen houtkachel voor buiten buiten houtkachel stoelgang stoelgang<\/p>\n","protected":false},"excerpt":{"rendered":"<p>Tijdens mijn reis deze zomer naar Turkije ( Zwarte Zee regio) heb ik nieuwe krachten gevonden. Dit kwam door het klimaat, de gezonde lucht en een stressloze omgeving. Bekijkt u\u00a0cultuurfoto&#8217;s en foto&#8217;s genomen vlak bij het strand waar u kunt &hellip; <a href=\"https:\/\/practicalsolution.eu\/?page_id=409\">Lees verder <span class=\"meta-nav\">&rarr;<\/span><\/a><\/p>\n","protected":false},"author":1,"featured_media":0,"parent":296,"menu_order":1,"comment_status":"open","ping_status":"closed","template":"","meta":{"footnotes":""},"class_list":["post-409","page","type-page","status-publish","hentry"],"_links":{"self":[{"href":"https:\/\/practicalsolution.eu\/index.php?rest_route=\/wp\/v2\/pages\/409","targetHints":{"allow":["GET"]}}],"collection":[{"href":"https:\/\/practicalsolution.eu\/index.php?rest_route=\/wp\/v2\/pages"}],"about":[{"href":"https:\/\/practicalsolution.eu\/index.php?rest_route=\/wp\/v2\/types\/page"}],"author":[{"embeddable":true,"href":"https:\/\/practicalsolution.eu\/index.php?rest_route=\/wp\/v2\/users\/1"}],"replies":[{"embeddable":true,"href":"https:\/\/practicalsolution.eu\/index.php?rest_route=%2Fwp%2Fv2%2Fcomments&post=409"}],"version-history":[{"count":95,"href":"https:\/\/practicalsolution.eu\/index.php?rest_route=\/wp\/v2\/pages\/409\/revisions"}],"predecessor-version":[{"id":1474,"href":"https:\/\/practicalsolution.eu\/index.php?rest_route=\/wp\/v2\/pages\/409\/revisions\/1474"}],"up":[{"embeddable":true,"href":"https:\/\/practicalsolution.eu\/index.php?rest_route=\/wp\/v2\/pages\/296"}],"wp:attachment":[{"href":"https:\/\/practicalsolution.eu\/index.php?rest_route=%2Fwp%2Fv2%2Fmedia&parent=409"}],"curies":[{"name":"wp","href":"https:\/\/api.w.org\/{rel}","templated":true}]}}